{"id":8,"date":"2020-10-02T21:48:50","date_gmt":"2020-10-02T21:48:50","guid":{"rendered":"https:\/\/digitaltextil.com\/?page_id=8"},"modified":"2020-10-14T23:53:28","modified_gmt":"2020-10-14T23:53:28","slug":"acerca-de","status":"publish","type":"page","link":"https:\/\/digitaltextil.com\/?page_id=8","title":{"rendered":"Acerca de"},"content":{"rendered":"\n<p>Quienes somos, pues somos una peque\u00f1a empresa de Prado del Rey, BANDERAS DEL SUR,  cuya actividad principal es la fabricaci\u00f3n de Banderas, banderolas, pancartas textiles y todo tipo de ropa deportiva estampada y personalizada. Disponemos de la maquinaria de impresi\u00f3n textil y de las maquinas de confecci\u00f3n para la estampaci\u00f3n del producto y su fabricaci\u00f3n. En la actualidad, y debido al COVID 19 nos hemos tenido que reinventar para seguir vivos, y estamos fabricando buzos, batas y mascarillas, estas \u00faltimas estampadas, personalizadas y reutilizables, teniendolas certificadas y homologadas. en nuestra tienda on-line se presentan los modelos diferentes as\u00ed como diferentes dise\u00f1os, tanto para compra individual como para empresas en cantidades a partir de 50 unidades.<\/p>\n","protected":false},"excerpt":{"rendered":"<p>Quienes somos, pues somos una peque\u00f1a empresa de Prado del Rey, BANDERAS DEL SUR, cuya actividad principal es la fabricaci\u00f3n de Banderas, banderolas, pancartas textiles y todo tipo de ropa deportiva estampada y personalizada. Disponemos de la maquinaria de impresi\u00f3n textil y de las maquinas de confecci\u00f3n para la estampaci\u00f3n del producto y su fabricaci\u00f3n. [&hellip;]<\/p>\n","protected":false},"author":1,"featured_media":0,"parent":0,"menu_order":0,"comment_status":"closed","ping_status":"closed","template":"","meta":{"footnotes":""},"class_list":["post-8","page","type-page","status-publish","hentry","post"],"aioseo_notices":[],"jetpack_sharing_enabled":true,"_links":{"self":[{"href":"https:\/\/digitaltextil.com\/index.php?rest_route=\/wp\/v2\/pages\/8","targetHints":{"allow":["GET"]}}],"collection":[{"href":"https:\/\/digitaltextil.com\/index.php?rest_route=\/wp\/v2\/pages"}],"about":[{"href":"https:\/\/digitaltextil.com\/index.php?rest_route=\/wp\/v2\/types\/page"}],"author":[{"embeddable":true,"href":"https:\/\/digitaltextil.com\/index.php?rest_route=\/wp\/v2\/users\/1"}],"replies":[{"embeddable":true,"href":"https:\/\/digitaltextil.com\/index.php?rest_route=%2Fwp%2Fv2%2Fcomments&post=8"}],"version-history":[{"count":2,"href":"https:\/\/digitaltextil.com\/index.php?rest_route=\/wp\/v2\/pages\/8\/revisions"}],"predecessor-version":[{"id":79,"href":"https:\/\/digitaltextil.com\/index.php?rest_route=\/wp\/v2\/pages\/8\/revisions\/79"}],"wp:attachment":[{"href":"https:\/\/digitaltextil.com\/index.php?rest_route=%2Fwp%2Fv2%2Fmedia&parent=8"}],"curies":[{"name":"wp","href":"https:\/\/api.w.org\/{rel}","templated":true}]}}